{"id":16073,"date":"2025-03-18T12:27:51","date_gmt":"2025-03-18T17:27:51","guid":{"rendered":"https:\/\/esenciaperuviajes.com\/?page_id=16073"},"modified":"2025-04-02T17:18:57","modified_gmt":"2025-04-02T22:18:57","slug":"testimonios","status":"publish","type":"page","link":"https:\/\/esenciaperuviajes.com\/index.php\/testimonios\/","title":{"rendered":"Testimonios"},"content":{"rendered":"\t\t<div data-elementor-type=\"wp-page\" data-elementor-id=\"16073\" class=\"elementor elementor-16073\" data-elementor-post-type=\"page\">\n\t\t\t\t<div class=\"elementor-element elementor-element-66e8d0d e-con-full wd-section-stretch-content e-flex wpr-particle-no wpr-jarallax-no wpr-parallax-no wpr-sticky-section-no e-con e-parent\" data-id=\"66e8d0d\" data-element_type=\"container\">\n\t\t<div class=\"wd-negative-gap elementor-element elementor-element-ec2597f e-flex e-con-boxed wpr-particle-no wpr-jarallax-no wpr-parallax-no wpr-sticky-section-no e-con e-child\" data-id=\"ec2597f\" data-element_type=\"container\">\n\t\t\t\t\t<div class=\"e-con-inner\">\n\t\t<div class=\"elementor-element elementor-element-f69c970 e-flex e-con-boxed wpr-particle-no wpr-jarallax-no wpr-parallax-no wpr-sticky-section-no e-con e-child\" data-id=\"f69c970\" data-element_type=\"container\">\n\t\t\t\t\t<div class=\"e-con-inner\">\n\t\t\t\t<div class=\"elementor-element elementor-element-4dca97b elementor-widget elementor-widget-wd_testimonials\" data-id=\"4dca97b\" data-element_type=\"widget\" data-widget_type=\"wd_testimonials.default\">\n\t\t\t\t<div class=\"elementor-widget-container\">\n\t\t\t\t\t\t\t\t<link rel=\"stylesheet\" id=\"wd-mod-star-rating-css\" href=\"https:\/\/esenciaperuviajes.com\/wp-content\/themes\/woodmart\/css\/parts\/mod-star-rating.min.css?ver=7.5.2\" type=\"text\/css\" media=\"all\" \/> \t\t\t\t\t\t<link rel=\"stylesheet\" id=\"wd-testimonial-old-css\" href=\"https:\/\/esenciaperuviajes.com\/wp-content\/themes\/woodmart\/css\/parts\/el-testimonial-old.min.css?ver=7.5.2\" type=\"text\/css\" media=\"all\" \/> \t\t\t\t\t<div class=\"testimonials testimon-style-standard  color-scheme- testimon-with-rating testimon-align-center\" id=\"carousel-9709\">\n\t\t\t\n\t\t\t<div class=\"wd-grid-g\" style=\"--wd-col-lg:2;--wd-col-md:2;--wd-col-sm:1;--wd-gap-lg:30px;--wd-gap-sm:10px;\" >\n\t\t\t\t\n\t\t\t\t\t\t\t\t\t\n<div class=\"testimonial wd-col\">\n\t<div class=\"testimonial-inner\">\n\t\t\t\t\t<div class=\"testimonial-avatar\">\n\t\t\t\t<img decoding=\"async\" width=\"150\" height=\"150\" src=\"https:\/\/esenciaperuviajes.com\/wp-content\/uploads\/2025\/03\/imagen_2025-03-21_122053012-150x150.png\" class=\"testimonial-avatar-image\" alt=\"\" srcset=\"https:\/\/esenciaperuviajes.com\/wp-content\/uploads\/2025\/03\/imagen_2025-03-21_122053012-150x150.png 150w, https:\/\/esenciaperuviajes.com\/wp-content\/uploads\/2025\/03\/imagen_2025-03-21_122053012-300x300.png 300w, https:\/\/esenciaperuviajes.com\/wp-content\/uploads\/2025\/03\/imagen_2025-03-21_122053012.png 740w\" sizes=\"(max-width: 150px) 100vw, 150px\" \/>\t\t\t<\/div>\n\t\t\n\t\t<div class=\"testimonial-content\">\n\t\t\t<div class=\"testimonial-rating\">\n\t\t\t\t<span class=\"star-rating\">\n\t\t\t\t\t<span style=\"width:100%\"><\/span>\n\t\t\t\t<\/span>\n\t\t\t<\/div>\n\n\t\t\t<p>Estimada Mariluz,<\/p><p>En mi caso particular, pienso que el servicio que nos ofrecieron es de un excelente nivel y calidad, con precios muy razonables. Estoy m\u00e1s que satisfecho y agradecido con tu empresa y tu gente.<\/p><p>Tanto Jhonny como Luis se portaron de maravillas con nosotros, y siempre fueron muy amables, c\u00e1lidos y respetuosos. Con personas como ellos es un placer recorrer y conocer cualquier ciudad.<\/p><p>Tambi\u00e9n la puntualidad es de destacar, ya que ellos estuvieron en los lugares acordados en los horarios previstos. As\u00ed que no me quedan m\u00e1s que palabras de agradecimiento y ojal\u00e1 alg\u00fan d\u00eda podamos visitar nuevamente la ciudad de Lima y contratar vuestros servicios.<\/p><p>Obviamente los recomendar\u00e9 si alg\u00fan amigo o familiar viaja a Per\u00fa.<br \/>Nuevamente, gracias por todo.<br \/>Cordiales saludos.<\/p>\n\t\t\t<footer>\n\t\t\t\tJorge Frutos\n\t\t\t\t\t\t\t\t\t<span>\n\t\t\t\t\t\tUruguay\t\t\t\t\t<\/span>\n\t\t\t\t\t\t\t<\/footer>\n\t\t<\/div>\n\t<\/div>\n<\/div>\t\t\t\t\t\t\t\t\t\n<div class=\"testimonial wd-col\">\n\t<div class=\"testimonial-inner\">\n\t\t\t\t\t<div class=\"testimonial-avatar\">\n\t\t\t\t<img decoding=\"async\" width=\"150\" height=\"150\" src=\"https:\/\/esenciaperuviajes.com\/wp-content\/uploads\/2025\/03\/imagen_2025-03-21_121525606-150x150.png\" class=\"testimonial-avatar-image\" alt=\"\" srcset=\"https:\/\/esenciaperuviajes.com\/wp-content\/uploads\/2025\/03\/imagen_2025-03-21_121525606-150x150.png 150w, https:\/\/esenciaperuviajes.com\/wp-content\/uploads\/2025\/03\/imagen_2025-03-21_121525606-300x300.png 300w, https:\/\/esenciaperuviajes.com\/wp-content\/uploads\/2025\/03\/imagen_2025-03-21_121525606.png 740w\" sizes=\"(max-width: 150px) 100vw, 150px\" \/>\t\t\t<\/div>\n\t\t\n\t\t<div class=\"testimonial-content\">\n\t\t\t<div class=\"testimonial-rating\">\n\t\t\t\t<span class=\"star-rating\">\n\t\t\t\t\t<span style=\"width:100%\"><\/span>\n\t\t\t\t<\/span>\n\t\t\t<\/div>\n\n\t\t\t<p>Agradezco mucho la deferencia para conmigo y mi familia seguro que lo degustaremos de la forma que usted nos indica.<br \/>Quiero agradecerle tambi\u00e9n por la excelente atenci\u00f3n y momentos agradables que nos hizo pasar el gu\u00eda el s\u00e1bado anterior, seguro que de requerir un servicio tur\u00edstico en una pr\u00f3xima visita al Per\u00fa contar\u00e9 con usted y su agencia.<br \/>Gracias por sus atenciones, mis comentarios sobre su servicio ofrecido es que fue puntual, cordial y seguro, lo que me dej\u00f3 una muy buena impresi\u00f3n y satisfecho no s\u00f3lo a mi sino a mi familia, quienes tambi\u00e9n participaron del tour. Esta situaci\u00f3n es propicia para que si en otra ocasi\u00f3n que regresemos a Lima y dese\u00e1ramos visitar alg\u00fan lugar tur\u00edstico a Ustedes se les consultar\u00e1 como primera opci\u00f3n e indudablemente si alg\u00fan conocido que viaje al Per\u00fa y necesitare un servicio tur\u00edstico yo los recomendar\u00eda para que los contacten.<\/p><p>Agradeci\u00e9ndoles por la atenci\u00f3n recibida.<br \/>Saludos cordiales.<\/p>\n\t\t\t<footer>\n\t\t\t\tCarlos Ochoa y familia\n\t\t\t\t\t\t\t\t\t<span>\n\t\t\t\t\t\tEcuador\t\t\t\t\t<\/span>\n\t\t\t\t\t\t\t<\/footer>\n\t\t<\/div>\n\t<\/div>\n<\/div>\t\t\t\t\t\t\t\t\t\n<div class=\"testimonial wd-col\">\n\t<div class=\"testimonial-inner\">\n\t\t\t\t\t<div class=\"testimonial-avatar\">\n\t\t\t\t<img decoding=\"async\" width=\"150\" height=\"150\" src=\"https:\/\/esenciaperuviajes.com\/wp-content\/uploads\/2025\/03\/imagen_2025-03-21_121604118-150x150.png\" class=\"testimonial-avatar-image\" alt=\"\" srcset=\"https:\/\/esenciaperuviajes.com\/wp-content\/uploads\/2025\/03\/imagen_2025-03-21_121604118-150x150.png 150w, https:\/\/esenciaperuviajes.com\/wp-content\/uploads\/2025\/03\/imagen_2025-03-21_121604118-300x300.png 300w, https:\/\/esenciaperuviajes.com\/wp-content\/uploads\/2025\/03\/imagen_2025-03-21_121604118.png 740w\" sizes=\"(max-width: 150px) 100vw, 150px\" \/>\t\t\t<\/div>\n\t\t\n\t\t<div class=\"testimonial-content\">\n\t\t\t<div class=\"testimonial-rating\">\n\t\t\t\t<span class=\"star-rating\">\n\t\t\t\t\t<span style=\"width:100%\"><\/span>\n\t\t\t\t<\/span>\n\t\t\t<\/div>\n\n\t\t\t<p>Hola Mariluz,<\/p><p>Por este medio te agradezco por todos los servicios que nos prestaron; todo a tiempo; gracias tambi\u00e9n por el presente. Recomendar\u00e9 sus servicios a mis amigos.<\/p><p>Fue un viaje inolvidable<\/p><p>Atentamente<\/p>\n\t\t\t<footer>\n\t\t\t\tRaiza Gonenli-Pardo\n\t\t\t\t\t\t\t\t\t<span>\n\t\t\t\t\t\tAntillas  Holandesas\t\t\t\t\t<\/span>\n\t\t\t\t\t\t\t<\/footer>\n\t\t<\/div>\n\t<\/div>\n<\/div>\t\t\t\t\t\t\t\t\t\n<div class=\"testimonial wd-col\">\n\t<div class=\"testimonial-inner\">\n\t\t\t\t\t<div class=\"testimonial-avatar\">\n\t\t\t\t<img loading=\"lazy\" decoding=\"async\" width=\"150\" height=\"150\" src=\"https:\/\/esenciaperuviajes.com\/wp-content\/uploads\/2025\/03\/imagen_2025-03-18_123806124-150x150.png\" class=\"testimonial-avatar-image\" alt=\"\" srcset=\"https:\/\/esenciaperuviajes.com\/wp-content\/uploads\/2025\/03\/imagen_2025-03-18_123806124-150x150.png 150w, https:\/\/esenciaperuviajes.com\/wp-content\/uploads\/2025\/03\/imagen_2025-03-18_123806124-300x300.png 300w, https:\/\/esenciaperuviajes.com\/wp-content\/uploads\/2025\/03\/imagen_2025-03-18_123806124.png 740w\" sizes=\"(max-width: 150px) 100vw, 150px\" \/>\t\t\t<\/div>\n\t\t\n\t\t<div class=\"testimonial-content\">\n\t\t\t<div class=\"testimonial-rating\">\n\t\t\t\t<span class=\"star-rating\">\n\t\t\t\t\t<span style=\"width:100%\"><\/span>\n\t\t\t\t<\/span>\n\t\t\t<\/div>\n\n\t\t\t<p>De nuevo mil gracias por toda tu gentileza!!!<br \/>Qued\u00e9 muy bien impresionada con el servicio que prestan ustedes y estar\u00e9 gustosa de recomendar sus servicios.<\/p><p>Mi recomendaci\u00f3n para ustedes: mantengan el entusiasmo, la alegr\u00eda de servir y la pasi\u00f3n por mostrar el mejor rostro de su pa\u00eds.<\/p><p>\u00a0Un abrazo.<\/p>\n\t\t\t<footer>\n\t\t\t\tPatricia Afanador\n\t\t\t\t\t\t\t\t\t<span>\n\t\t\t\t\t\tColombia\t\t\t\t\t<\/span>\n\t\t\t\t\t\t\t<\/footer>\n\t\t<\/div>\n\t<\/div>\n<\/div>\t\t\t\t\n\t\t\t\t\t\t\t<\/div>\n\t\t\t\t\t<\/div>\n\t\t\t\t\t\t<\/div>\n\t\t\t\t<\/div>\n\t\t\t\t\t<\/div>\n\t\t\t\t<\/div>\n\t\t\t\t\t<\/div>\n\t\t\t\t<\/div>\n\t\t\t\t<\/div>\n\t\t\t\t<\/div>\n\t\t","protected":false},"excerpt":{"rendered":"<p>Estimada Mariluz, En mi caso particular, pienso que el servicio que nos ofrecieron es de un excelente nivel y calidad,<\/p>\n","protected":false},"author":1,"featured_media":0,"parent":0,"menu_order":0,"comment_status":"closed","ping_status":"closed","template":"","meta":{"footnotes":""},"class_list":["post-16073","page","type-page","status-publish","hentry"],"_links":{"self":[{"href":"https:\/\/esenciaperuviajes.com\/index.php\/wp-json\/wp\/v2\/pages\/16073","targetHints":{"allow":["GET"]}}],"collection":[{"href":"https:\/\/esenciaperuviajes.com\/index.php\/wp-json\/wp\/v2\/pages"}],"about":[{"href":"https:\/\/esenciaperuviajes.com\/index.php\/wp-json\/wp\/v2\/types\/page"}],"author":[{"embeddable":true,"href":"https:\/\/esenciaperuviajes.com\/index.php\/wp-json\/wp\/v2\/users\/1"}],"replies":[{"embeddable":true,"href":"https:\/\/esenciaperuviajes.com\/index.php\/wp-json\/wp\/v2\/comments?post=16073"}],"version-history":[{"count":28,"href":"https:\/\/esenciaperuviajes.com\/index.php\/wp-json\/wp\/v2\/pages\/16073\/revisions"}],"predecessor-version":[{"id":16954,"href":"https:\/\/esenciaperuviajes.com\/index.php\/wp-json\/wp\/v2\/pages\/16073\/revisions\/16954"}],"wp:attachment":[{"href":"https:\/\/esenciaperuviajes.com\/index.php\/wp-json\/wp\/v2\/media?parent=16073"}],"curies":[{"name":"wp","href":"https:\/\/api.w.org\/{rel}","templated":true}]}}